{"id":343,"date":"2024-10-25T03:51:16","date_gmt":"2024-10-25T03:51:16","guid":{"rendered":"http:\/\/ump.d59.mytemp.website\/?page_id=343"},"modified":"2024-10-25T03:51:34","modified_gmt":"2024-10-25T03:51:34","slug":"centeocihuatl-virto","status":"publish","type":"page","link":"https:\/\/figurasdeldiscurso.org\/index.php\/investigadores\/centeocihuatl-virto\/","title":{"rendered":"Centeocihuatl Virto"},"content":{"rendered":"<p>[et_pb_section fb_built=&#8221;1&#8243; admin_label=&#8221;Text &#038; Image&#8221; _builder_version=&#8221;4.27.2&#8243; _module_preset=&#8221;default&#8221; background_color=&#8221;RGBA(255,255,255,0)&#8221; use_background_color_gradient=&#8221;on&#8221; background_color_gradient_direction=&#8221;90deg&#8221; background_color_gradient_stops=&#8221;rgba(255,255,255,0) 34%|#000000 34%|rgba(40,3,0,0.39) 97%&#8221; animation_style=&#8221;zoom&#8221; motion_trigger_start=&#8221;top&#8221; background_last_edited=&#8221;on|tablet&#8221; background_color_gradient_direction_tablet=&#8221;180deg&#8221; locked=&#8221;off&#8221; collapsed=&#8221;on&#8221; global_colors_info=&#8221;{%22gcid-36fd78a7-34bc-404d-873c-dafa34efaae5%22:%91%22background_color_gradient_stops%22%93,%22#03045e%22:%91%22background_color_gradient_stops%22%93}&#8221; theme_builder_area=&#8221;post_content&#8221;][et_pb_row column_structure=&#8221;1_2,1_2&#8243; _builder_version=&#8221;4.24.2&#8243; _module_preset=&#8221;5138c454-be54-4233-bd3b-f8e6a8747976&#8243; global_colors_info=&#8221;{}&#8221; theme_builder_area=&#8221;post_content&#8221;][et_pb_column type=&#8221;1_2&#8243; _builder_version=&#8221;4.18.0&#8243; _module_preset=&#8221;73121f80-a3ef-4484-8763-c3f18e3c56d2&#8243; global_colors_info=&#8221;{}&#8221; theme_builder_area=&#8221;post_content&#8221;][et_pb_image src=&#8221;https:\/\/figurasdeldiscurso.org\/wp-content\/uploads\/2024\/10\/Imagen_Cente_24.jpg&#8221; title_text=&#8221;Imagen_Cente_24&#8243; _builder_version=&#8221;4.27.2&#8243; _module_preset=&#8221;1cc6152f-565c-4c4d-b0c9-cf8c9576c341&#8243; hover_enabled=&#8221;0&#8243; border_radii=&#8221;on|6px|6px|6px|6px&#8221; box_shadow_style=&#8221;preset3&#8243; box_shadow_vertical=&#8221;40px&#8221; box_shadow_blur=&#8221;112px&#8221; box_shadow_spread=&#8221;-24px&#8221; box_shadow_color=&#8221;rgba(0,0,0,0.12)&#8221; locked=&#8221;off&#8221; global_colors_info=&#8221;{}&#8221; theme_builder_area=&#8221;post_content&#8221; sticky_enabled=&#8221;0&#8243;][\/et_pb_image][\/et_pb_column][et_pb_column type=&#8221;1_2&#8243; _builder_version=&#8221;4.18.0&#8243; _module_preset=&#8221;73121f80-a3ef-4484-8763-c3f18e3c56d2&#8243; custom_padding=&#8221;8%||8%||true|false&#8221; custom_padding_tablet=&#8221;0%||0%||true|false&#8221; custom_padding_phone=&#8221;0%||0%||true|false&#8221; custom_padding_last_edited=&#8221;on|desktop&#8221; global_colors_info=&#8221;{}&#8221; theme_builder_area=&#8221;post_content&#8221;][et_pb_heading title=&#8221;Perfil de investigaci\u00f3n&#8221; _builder_version=&#8221;4.27.2&#8243; _module_preset=&#8221;f0c675ea-2574-4d0e-b725-30f8550a8550&#8243; title_level=&#8221;h4&#8243; title_font=&#8221;Proza Libre|Cormorant Garamond_weight||on|||||&#8221; title_text_color=&#8221;#FFFFFF&#8221; title_font_size=&#8221;14px&#8221; title_letter_spacing=&#8221;1px&#8221; title_line_height=&#8221;1.4em&#8221; custom_margin=&#8221;||10px||false|false&#8221; title_font_size_tablet=&#8221;13px&#8221; title_font_size_phone=&#8221;13px&#8221; title_font_size_last_edited=&#8221;on|desktop&#8221; locked=&#8221;off&#8221; global_colors_info=&#8221;{}&#8221; theme_builder_area=&#8221;post_content&#8221;][\/et_pb_heading][et_pb_heading title=&#8221;Dra. Centeocihuatl Virto&#8221; _builder_version=&#8221;4.24.3&#8243; _module_preset=&#8221;c33f07d9-41e0-421a-8799-5799df695cce&#8221; title_level=&#8221;h2&#8243; title_font=&#8221;Cormorant Garamond|Cormorant Garamond_weight|||||||&#8221; title_text_color=&#8221;#FFFFFF&#8221; title_font_size=&#8221;50px&#8221; title_line_height=&#8221;1.2em&#8221; custom_margin=&#8221;||10px||false|false&#8221; title_font_size_tablet=&#8221;28px&#8221; title_font_size_phone=&#8221;20px&#8221; title_font_size_last_edited=&#8221;on|phone&#8221; locked=&#8221;off&#8221; global_colors_info=&#8221;{}&#8221; theme_builder_area=&#8221;post_content&#8221;][\/et_pb_heading][et_pb_text quote_border_color=&#8221;#FFFFFF&#8221; _builder_version=&#8221;4.27.2&#8243; _module_preset=&#8221;0504de1e-f5ff-4281-ba60-cbbe4edf98bc&#8221; text_font=&#8221;Proza Libre|Proza Libre_weight|||||||&#8221; text_text_color=&#8221;#FFFFFF&#8221; text_font_size=&#8221;16px&#8221; text_line_height=&#8221;1.75em&#8221; link_font=&#8221;||||on||||&#8221; link_text_color=&#8221;#FFFFFF&#8221; quote_font=&#8221;Cormorant Garamond|Cormorant Garamond_weight|||||||&#8221; quote_text_color=&#8221;#FFFFFF&#8221; header_font=&#8221;Cormorant Garamond|Cormorant Garamond_weight|||||||&#8221; header_text_color=&#8221;#FFFFFF&#8221; header_font_size=&#8221;72px&#8221; header_line_height=&#8221;1.15em&#8221; header_2_font=&#8221;Cormorant Garamond|Cormorant Garamond_weight|||||||&#8221; header_2_text_color=&#8221;#FFFFFF&#8221; header_2_font_size=&#8221;50px&#8221; header_2_line_height=&#8221;1.2em&#8221; header_3_font=&#8221;Cormorant Garamond|Cormorant Garamond_weight|||||||&#8221; header_3_text_color=&#8221;#FFFFFF&#8221; header_3_font_size=&#8221;32px&#8221; header_3_line_height=&#8221;1.3em&#8221; header_4_font=&#8221;Cormorant Garamond|Cormorant Garamond_weight|||||||&#8221; header_4_text_color=&#8221;#FFFFFF&#8221; header_4_font_size=&#8221;24px&#8221; header_4_line_height=&#8221;1.4em&#8221; header_5_font=&#8221;Cormorant Garamond|Cormorant Garamond_weight|||||||&#8221; header_5_text_color=&#8221;#FFFFFF&#8221; header_5_font_size=&#8221;18px&#8221; header_5_line_height=&#8221;1.4em&#8221; header_6_font=&#8221;Cormorant Garamond|Cormorant Garamond_weight|||||||&#8221; header_6_text_color=&#8221;#FFFFFF&#8221; header_6_line_height=&#8221;1.5em&#8221; custom_margin=&#8221;||||false|false&#8221; text_font_size_tablet=&#8221;15px&#8221; text_font_size_phone=&#8221;14px&#8221; text_font_size_last_edited=&#8221;on|phone&#8221; header_font_size_tablet=&#8221;40px&#8221; header_font_size_phone=&#8221;24px&#8221; header_font_size_last_edited=&#8221;on|desktop&#8221; header_2_font_size_tablet=&#8221;28px&#8221; header_2_font_size_phone=&#8221;20px&#8221; header_2_font_size_last_edited=&#8221;on|phone&#8221; header_3_font_size_tablet=&#8221;22px&#8221; header_3_font_size_phone=&#8221;17px&#8221; header_3_font_size_last_edited=&#8221;on|phone&#8221; header_4_font_size_tablet=&#8221;18px&#8221; header_4_font_size_phone=&#8221;15px&#8221; header_4_font_size_last_edited=&#8221;on|tablet&#8221; header_5_font_size_tablet=&#8221;15px&#8221; header_5_font_size_phone=&#8221;14px&#8221; header_5_font_size_last_edited=&#8221;on|desktop&#8221; header_6_font_size_tablet=&#8221;13px&#8221; header_6_font_size_phone=&#8221;13px&#8221; header_6_font_size_last_edited=&#8221;on|desktop&#8221; global_colors_info=&#8221;{%22gcid-36fd78a7-34bc-404d-873c-dafa34efaae5%22:%91%22icon_color%22,%22icon_color%22,%22icon_color%22,%22icon_color%22,%22link_text_color%22%93}&#8221; theme_builder_area=&#8221;post_content&#8221;]<\/p>\n<p><span style=\"font-weight: 400;\">Catedr\u00e1tica en el Centro Interdisciplinario de Investigaci\u00f3n en Humanidades del Instituto de Investigaci\u00f3n en Humanidades y Ciencias Sociales de la Universidad Aut\u00f3noma del Estado de Morelos.\u00a0<\/span><\/p>\n<p><span style=\"font-weight: 400;\">\u00a0<\/span><\/p>\n<p>[\/et_pb_text][et_pb_button button_url=&#8221;https:\/\/figurasdeldiscurso.org\/wp-content\/uploads\/2024\/10\/CV_Ma.-Centeocihuatl-Virto-Martinez.pdf&#8221; button_text=&#8221;Visitar C.V.&#8221; _builder_version=&#8221;4.27.2&#8243; _module_preset=&#8221;default&#8221; custom_button=&#8221;on&#8221; button_text_size=&#8221;18px&#8221; button_text_color=&#8221;#FFFFFF&#8221; transform_scale=&#8221;92%|92%&#8221; animation_style=&#8221;flip&#8221; hover_enabled=&#8221;0&#8243; box_shadow_style=&#8221;preset2&#8243; box_shadow_horizontal=&#8221;11px&#8221; box_shadow_blur=&#8221;7px&#8221; global_colors_info=&#8221;{}&#8221; theme_builder_area=&#8221;post_content&#8221; url_new_window=&#8221;on&#8221; sticky_enabled=&#8221;0&#8243;][\/et_pb_button][\/et_pb_column][\/et_pb_row][\/et_pb_section][et_pb_section fb_built=&#8221;1&#8243; _builder_version=&#8221;4.27.2&#8243; _module_preset=&#8221;default&#8221; global_colors_info=&#8221;{}&#8221; theme_builder_area=&#8221;post_content&#8221;][et_pb_row column_structure=&#8221;1_3,2_3&#8243; _builder_version=&#8221;4.27.2&#8243; _module_preset=&#8221;default&#8221; min_height=&#8221;375px&#8221; custom_margin=&#8221;|auto|59px|auto||&#8221; animation_style=&#8221;slide&#8221; global_colors_info=&#8221;{}&#8221; theme_builder_area=&#8221;post_content&#8221;][et_pb_column type=&#8221;1_3&#8243; _builder_version=&#8221;4.27.2&#8243; _module_preset=&#8221;default&#8221; global_colors_info=&#8221;{}&#8221; theme_builder_area=&#8221;post_content&#8221;][et_pb_text _builder_version=&#8221;4.27.2&#8243; _module_preset=&#8221;default&#8221; header_font=&#8221;&#8211;et_global_heading_font||||||||&#8221; global_colors_info=&#8221;{}&#8221; theme_builder_area=&#8221;post_content&#8221;]<\/p>\n<h1 style=\"text-align: left;\">SEMBLANZA<\/h1>\n<p>[\/et_pb_text][\/et_pb_column][et_pb_column type=&#8221;2_3&#8243; _builder_version=&#8221;4.27.2&#8243; _module_preset=&#8221;default&#8221; global_colors_info=&#8221;{}&#8221; theme_builder_area=&#8221;post_content&#8221;][et_pb_text quote_border_color=&#8221;#0077b6&#8243; _builder_version=&#8221;4.27.2&#8243; _module_preset=&#8221;default&#8221; text_font=&#8221;Proza Libre|Proza Libre_weight|||||||&#8221; text_text_color=&#8221;rgba(0,0,0,0.64)&#8221; text_font_size=&#8221;16px&#8221; text_line_height=&#8221;1.75em&#8221; link_font=&#8221;|Proza Libre_weight|||||||&#8221; link_text_color=&#8221;#03045e&#8221; quote_font=&#8221;Cormorant Garamond|Cormorant Garamond_weight|||||||&#8221; quote_text_color=&#8221;#111111&#8243; header_font=&#8221;Cormorant Garamond|Cormorant Garamond_weight|||||||&#8221; header_text_color=&#8221;#111111&#8243; header_font_size=&#8221;72px&#8221; header_line_height=&#8221;1.15em&#8221; header_2_font=&#8221;Cormorant Garamond|Cormorant Garamond_weight|||||||&#8221; header_2_text_color=&#8221;#111111&#8243; header_2_font_size=&#8221;50px&#8221; header_2_line_height=&#8221;1.2em&#8221; header_3_font=&#8221;Cormorant Garamond|Cormorant Garamond_weight|||||||&#8221; header_3_text_color=&#8221;#111111&#8243; header_3_font_size=&#8221;32px&#8221; header_3_line_height=&#8221;1.3em&#8221; header_4_font=&#8221;Cormorant Garamond|Cormorant Garamond_weight|||||||&#8221; header_4_text_color=&#8221;#111111&#8243; header_4_font_size=&#8221;24px&#8221; header_4_line_height=&#8221;1.4em&#8221; header_5_font=&#8221;Cormorant Garamond|Cormorant Garamond_weight|||||||&#8221; header_5_text_color=&#8221;#111111&#8243; header_5_font_size=&#8221;18px&#8221; header_5_line_height=&#8221;1.4em&#8221; header_6_font=&#8221;Cormorant Garamond|Cormorant Garamond_weight|||||||&#8221; header_6_text_color=&#8221;#111111&#8243; header_6_line_height=&#8221;1.5em&#8221; min_height=&#8221;738px&#8221; height=&#8221;361px&#8221; custom_margin=&#8221;||-41px||false|false&#8221; hover_enabled=&#8221;0&#8243; text_font_size_tablet=&#8221;15px&#8221; text_font_size_phone=&#8221;14px&#8221; text_font_size_last_edited=&#8221;on|phone&#8221; header_font_size_tablet=&#8221;40px&#8221; header_font_size_phone=&#8221;24px&#8221; header_font_size_last_edited=&#8221;on|desktop&#8221; header_2_font_size_tablet=&#8221;28px&#8221; header_2_font_size_phone=&#8221;20px&#8221; header_2_font_size_last_edited=&#8221;on|phone&#8221; header_3_font_size_tablet=&#8221;22px&#8221; header_3_font_size_phone=&#8221;17px&#8221; header_3_font_size_last_edited=&#8221;on|phone&#8221; header_4_font_size_tablet=&#8221;18px&#8221; header_4_font_size_phone=&#8221;15px&#8221; header_4_font_size_last_edited=&#8221;on|tablet&#8221; header_5_font_size_tablet=&#8221;15px&#8221; header_5_font_size_phone=&#8221;14px&#8221; header_5_font_size_last_edited=&#8221;on|desktop&#8221; header_6_font_size_tablet=&#8221;13px&#8221; header_6_font_size_phone=&#8221;13px&#8221; header_6_font_size_last_edited=&#8221;on|desktop&#8221; global_colors_info=&#8221;{}&#8221; theme_builder_area=&#8221;post_content&#8221; sticky_enabled=&#8221;0&#8243;]<\/p>\n<p style=\"text-align: justify;\"><span style=\"font-weight: 400;\">La <\/span><b>Dra. Centeocihuatl Virto<\/b><span style=\"font-weight: 400;\"> estudi\u00f3 la licenciatura en Filosof\u00eda, la maestr\u00eda en Atenci\u00f3n a la Diversidad y Educaci\u00f3n Inclusiva y el doctorado en Ciencias Sociales en la UAEM, Morelos.\u00a0<\/span><\/p>\n<p style=\"text-align: justify;\"><span style=\"font-weight: 400;\">Desde el 2002 es docente y ha trabajado en diversas instituciones educativas desde entonces. Actualmente es catedr\u00e1tica en el Centro Interdisciplinario de Investigaci\u00f3n en Humanidades del Instituto de Investigaci\u00f3n en Humanidades y Ciencias Sociales de la Universidad Aut\u00f3noma del Estado de Morelos.\u00a0<\/span><\/p>\n<p style=\"text-align: justify;\"><span style=\"font-weight: 400;\">Desde el 2014 participa en el Seminario Permanente Figuras de la Exclusi\u00f3n de UAEM y desde el a\u00f1o pasado es la co-coordinadora de este proyecto.<\/span><\/p>\n<p style=\"text-align: justify;\"><span style=\"font-weight: 400;\">Desde el 2007 dirige el proyecto de lectura para ni\u00f1os y ni\u00f1as \u201cEl t\u00edmpano\u201d del Programa Nacional Salas de Lectura. Tambi\u00e9n es Coordinadora a nivel nacional de la mesa de Vocaci\u00f3n para las Infancias.<\/span><\/p>\n<p style=\"text-align: justify;\"><span style=\"font-weight: 400;\">Desde el 2019 es Co-coordinadora del conversatorio mensual para mujeres \u201cTiricia. La melancol\u00eda en tiempos de la Covid 19\u201d y del podcast \u201cLas voces de la Tiricia\u201d que se transmite todos los martes por la Escuela de Humanidades y Educaci\u00f3n Tec Campus Cuernavaca.<\/span><\/p>\n<p style=\"text-align: justify;\"><span style=\"font-weight: 400;\">Tambi\u00e9n es Co-coordinadora del Cine Club CIIhu. Laboratorio de Cine de Ciencias de la Comunicaci\u00f3n del Instituto de Investigaci\u00f3n en Humanidades y Ciencias Sociales en la UAEM.\u00a0<\/span><\/p>\n<p style=\"text-align: justify;\"><span style=\"font-weight: 400;\">En el 2009 co-realiz\u00f3 el corto-documental Morelos, \u00bfTierra de libertad y trabajo?<\/span><\/p>\n<p style=\"text-align: justify;\"><span style=\"font-size: 16px; text-align: left;\"><span style=\"font-weight: 400;\">Entre sus publicaciones m\u00e1s recientes se encuentran \u201cLos males del cuerpo y la tiricia\u201d en <\/span><i><span style=\"font-weight: 400;\">Las voces de la Tiricia.<\/span><\/i><span style=\"font-weight: 400;\"> El div\u00e1n negro, 2023. <\/span><\/span><\/p>\n<p>[\/et_pb_text][\/et_pb_column][\/et_pb_row][et_pb_row column_structure=&#8221;1_3,2_3&#8243; _builder_version=&#8221;4.27.2&#8243; _module_preset=&#8221;default&#8221; min_height=&#8221;160px&#8221; animation_style=&#8221;slide&#8221; global_colors_info=&#8221;{}&#8221; theme_builder_area=&#8221;post_content&#8221;][et_pb_column type=&#8221;1_3&#8243; _builder_version=&#8221;4.27.2&#8243; _module_preset=&#8221;default&#8221; global_colors_info=&#8221;{}&#8221; theme_builder_area=&#8221;post_content&#8221;][et_pb_text _builder_version=&#8221;4.27.2&#8243; _module_preset=&#8221;default&#8221; header_font=&#8221;&#8211;et_global_heading_font||||||||&#8221; global_colors_info=&#8221;{}&#8221; theme_builder_area=&#8221;post_content&#8221;]<\/p>\n<h3 class=\"et_pb_module_heading et-fb-editable-element et-fb-editable-element__editing\" data-shortcode-id=\"2.1.0.0-1729705686629\" data-quickaccess-id=\"title\" contenteditable=\"true\">PRODUCCI\u00d3N ACAD\u00c9MICA<\/h3>\n<p>[\/et_pb_text][\/et_pb_column][et_pb_column type=&#8221;2_3&#8243; _builder_version=&#8221;4.27.2&#8243; _module_preset=&#8221;default&#8221; global_colors_info=&#8221;{}&#8221; theme_builder_area=&#8221;post_content&#8221;][et_pb_toggle title=&#8221;Publicaciones&#8221; _builder_version=&#8221;4.27.2&#8243; _module_preset=&#8221;default&#8221; custom_margin=&#8221;||4px|||&#8221; global_colors_info=&#8221;{}&#8221; theme_builder_area=&#8221;post_content&#8221;]<\/p>\n<p>&nbsp;<\/p>\n<ul>\n<li style=\"font-weight: 400;\" aria-level=\"1\">\u201cExperiencias del asco: espectador imparcial y cuerpo asqueado\u201d en<br \/>Arqueolog\u00eda de las sensibilidades (que refieren violencias). Cap\u00edtulo en libro,<br \/>bajo la producci\u00f3n de la Universidad Aut\u00f3noma de Aguascalientes y la<br \/>Universidad Aut\u00f3noma del Estado de Morelos, diciembre 2023. En<br \/>coautor\u00eda. ISBN 978-607-8909-83-4 UAA. ISBN 978-607-8951-26-0 UAEM.<br \/>En coautor\u00eda.<\/li>\n<li style=\"font-weight: 400;\" aria-level=\"1\">\u201cLa reproducci\u00f3n de la desigualdad de g\u00e9nero y el feminicidio en la cr\u00f3nica<br \/>roja\u201d en Desigualdades sociales, resistencias y luchas contra ellas. Cap\u00edtulo<br \/>en libro, bajo la producci\u00f3n de la UAEM, mayo 2023. En coautor\u00eda. 978-<br \/>607-8784-95-0 UAEM.<\/li>\n<li style=\"font-weight: 400;\" aria-level=\"1\">Las pol\u00edticas de resistencia y el acompa\u00f1amiento otro frente a la violencia<br \/>contra las mujeres. LOGOS. Revista de filosof\u00eda. Facultad de Humanidades<br \/>y Ciencias Sociales de la Universidad La Salle, M\u00e9xico. Publicado el 11 de<br \/>julio 2022. Vol. 139 N\u00fam. 139 (50). pp: 87-99. Art\u00edculo en revista. En<br \/>coautor\u00eda.<\/li>\n<li style=\"font-weight: 400;\" aria-level=\"1\">\u201cViolencia feminicida y pol\u00edticas de resistencia\u201d en Pensar las violencias.<br \/>Julieta Espinosa, I. Samadhi Aguilar R., coordinaci\u00f3n. Primera edici\u00f3n.<br \/>M\u00e9xico: Universidad Aut\u00f3noma del Estado de Morelos, Centro<br \/>Interdisciplinario de Investigaci\u00f3n en Humanidades, 2022. 209 p\u00e1ginas.<br \/>ISBN: 978-607-99835-1-2. Cap\u00edtulo en libro. En coautor\u00eda.<\/li>\n<li style=\"font-weight: 400;\" aria-level=\"1\">\u201cParidad en la LIV Legislatura del Congreso del Estado de Morelos. Los<br \/>avances y las tareas pendientes hacia el logro de la igualdad sustantiva\u201d en<br \/>La paridad, una realidad a\u00fan por construir en los congresos locales de<br \/>M\u00e9xico\u201d\u2019 de Ma. Aid\u00e9 Hern\u00e1ndez Garc\u00eda, coordinadora. Primera edici\u00f3n,<br \/>2022. M\u00e9xico: INE. 1126 pp. ISBN impreso: 978-607-8790-87-6. ISBN<br \/>electr\u00f3nico: 978-607-8790-81-4. pp: 782-806. Cap\u00edtulo en libro. En<br \/>coautor\u00eda.<\/li>\n<li style=\"font-weight: 400;\" aria-level=\"1\">\u201cLos ni\u00f1os y adolescentes como figuras de exclusi\u00f3n en Los olvidados\u201d en<br \/>Figuras del discurso III. Bonilla Artigas Editores, UAEM, 2019. ISBN: 978-<br \/>607-8639-10-6. pp: 263-292. Cap\u00edtulo en libro. En coautor\u00eda.<\/li>\n<li style=\"font-weight: 400;\" aria-level=\"1\">\u201cEst\u00e9tica y saturaci\u00f3n: la nota roja y el salto cualitativo hacia la indolencia\u201d<br \/>en La est\u00e9tica y arte a debate II. Fabelo Corzo, Jos\u00e9 Ram\u00f3n y Romero Bello,<br \/>Mariana (Coordinadores). Colecci\u00f3n La Fuente, BUAP. Puebla, 2018. ISBN:<br \/>978-607-525-583-5. pp: 70-80. Cap\u00edtulo en libro. En coautor\u00eda.<span style=\"font-weight: 400;\"><\/span><\/li>\n<li style=\"font-weight: 400;\" aria-level=\"1\"><span style=\"font-weight: 400;\">\u201cLos olvidados: el rostro del otro y la vida precaria\u201d en Estudios del discurso,<br \/>UAEM, vol. 2, n\u00fam. 2. Octubre 2016- marzo 2017. ISSN: 2448-4857.<br \/>Art\u00edculo. En coautor\u00eda.<\/span><\/li>\n<li style=\"font-weight: 400;\" aria-level=\"1\"><span style=\"font-weight: 400;\">\u201cRevictimizaci\u00f3n de las mujeres en la nota roja: el pan nuestro de cada d\u00eda\u201d<br \/>en Sentido y destino, Revista de educaci\u00f3n, psicoterapia y desarrollo<br \/>humano del Centro de Estudios para el Sentido, la Investigaci\u00f3n y el<br \/>Desarrollo Humano (CESIDEH, 2016). Art\u00edculo en revista.<\/span><\/li>\n<li style=\"font-weight: 400;\" aria-level=\"1\"><span style=\"font-weight: 400;\">\u201cLa est\u00e9tica de lo cotidiano en la narraci\u00f3n cinematogr\u00e1fica del filme Fecha<br \/>de caducidad\u201d en La est\u00e9tica y arte a debate I. Jos\u00e9 Ram\u00f3n Romero Bello y<br \/>Mar\u00eda Guadalupe Canet Cruz (Coordinadores). Colecci\u00f3n La Fuente, BUAP<br \/>y Huellas digitales, 2015. Formato pdf. ISBN: 978-607-487-970-4. pp: 401-<br \/>408. Cap\u00edtulo en libro (en coautor\u00eda). En coautor\u00eda.<\/span><\/li>\n<li style=\"font-weight: 400;\" aria-level=\"1\"><span style=\"font-weight: 400;\">\u201cLa violencia gr\u00e1fica en la prensa roja de Morelos\u201d en Violencias en Morelos.<br \/>Atlas de la seguridad y violencia en Morelos Versi\u00f3n 2015. Vol. I. Rodrigo<br \/>Pe\u00f1a Gonz\u00e1lez, Jorge Ariel Ram\u00edrez P\u00e9rez, coordinadores. M\u00e9xico: UAEM:<br \/>Colectivo de An\u00e1lisis de la Seguridad con Democracia (Casede), 2015. 173<br \/>p. pp: 145-160. ISBN 978-607-8434-51-0. Cap\u00edtulo en atlas.<\/span><span style=\"font-weight: 400;\"><\/span><\/li>\n<\/ul>\n<p>[\/et_pb_toggle][\/et_pb_column][\/et_pb_row][\/et_pb_section]<\/p>\n","protected":false},"excerpt":{"rendered":"<p>Catedr\u00e1tica en el Centro Interdisciplinario de Investigaci\u00f3n en Humanidades del Instituto de Investigaci\u00f3n en Humanidades y Ciencias Sociales de la Universidad Aut\u00f3noma del Estado de Morelos.\u00a0 \u00a0SEMBLANZALa Dra. Centeocihuatl Virto estudi\u00f3 la licenciatura en Filosof\u00eda, la maestr\u00eda en Atenci\u00f3n a la Diversidad y Educaci\u00f3n Inclusiva y el doctorado en Ciencias Sociales en la UAEM, Morelos.\u00a0 [&hellip;]<\/p>\n","protected":false},"author":1,"featured_media":0,"parent":33,"menu_order":0,"comment_status":"closed","ping_status":"closed","template":"","meta":{"_et_pb_use_builder":"on","_et_pb_old_content":"","_et_gb_content_width":"","footnotes":""},"class_list":["post-343","page","type-page","status-publish","hentry"],"_links":{"self":[{"href":"https:\/\/figurasdeldiscurso.org\/index.php\/wp-json\/wp\/v2\/pages\/343","targetHints":{"allow":["GET"]}}],"collection":[{"href":"https:\/\/figurasdeldiscurso.org\/index.php\/wp-json\/wp\/v2\/pages"}],"about":[{"href":"https:\/\/figurasdeldiscurso.org\/index.php\/wp-json\/wp\/v2\/types\/page"}],"author":[{"embeddable":true,"href":"https:\/\/figurasdeldiscurso.org\/index.php\/wp-json\/wp\/v2\/users\/1"}],"replies":[{"embeddable":true,"href":"https:\/\/figurasdeldiscurso.org\/index.php\/wp-json\/wp\/v2\/comments?post=343"}],"version-history":[{"count":2,"href":"https:\/\/figurasdeldiscurso.org\/index.php\/wp-json\/wp\/v2\/pages\/343\/revisions"}],"predecessor-version":[{"id":348,"href":"https:\/\/figurasdeldiscurso.org\/index.php\/wp-json\/wp\/v2\/pages\/343\/revisions\/348"}],"up":[{"embeddable":true,"href":"https:\/\/figurasdeldiscurso.org\/index.php\/wp-json\/wp\/v2\/pages\/33"}],"wp:attachment":[{"href":"https:\/\/figurasdeldiscurso.org\/index.php\/wp-json\/wp\/v2\/media?parent=343"}],"curies":[{"name":"wp","href":"https:\/\/api.w.org\/{rel}","templated":true}]}}